{"id":851,"date":"2024-05-15T18:22:22","date_gmt":"2024-05-15T18:22:22","guid":{"rendered":"https:\/\/alineasanpancho.com\/?page_id=851"},"modified":"2026-03-20T23:47:04","modified_gmt":"2026-03-20T23:47:04","slug":"ceremonies","status":"publish","type":"page","link":"https:\/\/alineasanpancho.com\/es\/ceremonies\/","title":{"rendered":"De Rape"},"content":{"rendered":"<p>Alinea es un espacio de terapias, yoga y otras pr\u00e1cticas para profundizar en tu proceso de sanaci\u00f3n.<\/p>\n<h1>Rap\u00e9, Sananga y Cantos Medicina<\/h1>\n<p>Canciones de Rap\u00e9, Sananga y Medicina<\/p>\n<p>Con Rodrigo Ballester y Marciano Corona\u00a0<\/p>\n<p>\t\t\t\t\t<a href=\"#\"><br \/>\n\t\t\t\t\t\t\t\t\tApartar mi lugar<br \/>\n\t\t\t\t\t<\/a><\/p>\n<p>Jue\/Jue<\/p>\n<p>16 de mayo de 2024<\/p>\n<p>6:30 pm<\/p>\n<p>\t\t\t\t\t\t\t\t\t\t\t\t\t\t\t<img fetchpriority=\"high\" decoding=\"async\" width=\"800\" height=\"673\" src=\"https:\/\/alineasanpancho.com\/wp-content\/uploads\/2024\/05\/logo-silvana-09-1024x862.png\" alt=\"\" srcset=\"https:\/\/alineasanpancho.com\/wp-content\/uploads\/2024\/05\/logo-silvana-09-1024x862.png 1024w, https:\/\/alineasanpancho.com\/wp-content\/uploads\/2024\/05\/logo-silvana-09-300x252.png 300w, https:\/\/alineasanpancho.com\/wp-content\/uploads\/2024\/05\/logo-silvana-09-768x646.png 768w, https:\/\/alineasanpancho.com\/wp-content\/uploads\/2024\/05\/logo-silvana-09-1536x1293.png 1536w, https:\/\/alineasanpancho.com\/wp-content\/uploads\/2024\/05\/logo-silvana-09-14x12.png 14w, https:\/\/alineasanpancho.com\/wp-content\/uploads\/2024\/05\/logo-silvana-09.png 1768w\" sizes=\"(max-width: 800px) 100vw, 800px\" \/>\t\t\t\t\t\t\t\t\t\t\t\t\t\t\t<\/p>\n<p>Aportaci\u00f3n:<\/p>\n<p>Escala m\u00f3vil<\/p>\n<p>$500-$700<\/p>\n<h1>Meditaci\u00f3n de flores<\/h1>\n<h2>Viernes a las 18:00<\/h2>\n<p>Una pr\u00e1ctica comunitaria para liberar, relajarse y expandirse.<\/p>\n<p>\t\t\t\t\t<a href=\"#\"><br \/>\n\t\t\t\t\t\t\t\t\tApartar mi lugar<br \/>\n\t\t\t\t\t<\/a><\/p>","protected":false},"excerpt":{"rendered":"<p>Alinea es un espacio de terapias, yoga y otras pr\u00e1cticas para profundizar en tu proceso de sanaci\u00f3n. Rap\u00e9, Sananga, y Cantos Medicina Rap\u00e9, Sananga &amp; Medicine Songs Con Rodrigo Ballester y Marciano Corona\u00a0 Apartar mi lugar Jue\/Thu 16 Mayo 2024 6:30pm Aportaci\u00f3n: Sliding Scale $500-$700 Flower Metitation Fridays 6:00pm A community practice to release, relax [&hellip;]<\/p>\n","protected":false},"author":2,"featured_media":0,"parent":0,"menu_order":0,"comment_status":"closed","ping_status":"closed","template":"","meta":{"footnotes":""},"class_list":["post-851","page","type-page","status-publish","hentry"],"jetpack_sharing_enabled":true,"_links":{"self":[{"href":"https:\/\/alineasanpancho.com\/es\/wp-json\/wp\/v2\/pages\/851","targetHints":{"allow":["GET"]}}],"collection":[{"href":"https:\/\/alineasanpancho.com\/es\/wp-json\/wp\/v2\/pages"}],"about":[{"href":"https:\/\/alineasanpancho.com\/es\/wp-json\/wp\/v2\/types\/page"}],"author":[{"embeddable":true,"href":"https:\/\/alineasanpancho.com\/es\/wp-json\/wp\/v2\/users\/2"}],"replies":[{"embeddable":true,"href":"https:\/\/alineasanpancho.com\/es\/wp-json\/wp\/v2\/comments?post=851"}],"version-history":[{"count":11,"href":"https:\/\/alineasanpancho.com\/es\/wp-json\/wp\/v2\/pages\/851\/revisions"}],"predecessor-version":[{"id":2280,"href":"https:\/\/alineasanpancho.com\/es\/wp-json\/wp\/v2\/pages\/851\/revisions\/2280"}],"wp:attachment":[{"href":"https:\/\/alineasanpancho.com\/es\/wp-json\/wp\/v2\/media?parent=851"}],"curies":[{"name":"wp","href":"https:\/\/api.w.org\/{rel}","templated":true}]}}