{"id":29,"date":"2024-04-17T20:31:03","date_gmt":"2024-04-17T20:31:03","guid":{"rendered":"https:\/\/alineasanpancho.com\/?page_id=29"},"modified":"2025-04-02T18:16:40","modified_gmt":"2025-04-02T18:16:40","slug":"courses","status":"publish","type":"page","link":"https:\/\/alineasanpancho.com\/es\/courses\/","title":{"rendered":"Cursos"},"content":{"rendered":"<div data-elementor-type=\"wp-page\" data-elementor-id=\"29\" class=\"elementor elementor-29\" data-elementor-post-type=\"page\">\n\t\t\t\t\t\t<section class=\"elementor-section elementor-top-section elementor-element elementor-element-acd63ab elementor-section-full_width elementor-section-height-min-height elementor-section-content-middle elementor-section-height-default elementor-section-items-middle\" data-id=\"acd63ab\" data-element_type=\"section\" data-e-type=\"section\" data-settings=\"{&quot;background_background&quot;:&quot;classic&quot;}\">\n\t\t\t\t\t\t<div class=\"elementor-container elementor-column-gap-default\">\n\t\t\t\t\t<div class=\"elementor-column elementor-col-33 elementor-top-column elementor-element elementor-element-d563244\" data-id=\"d563244\" data-element_type=\"column\" data-e-type=\"column\">\n\t\t\t<div class=\"elementor-widget-wrap\">\n\t\t\t\t\t\t\t<\/div>\n\t\t<\/div>\n\t\t\t\t<div class=\"elementor-column elementor-col-66 elementor-top-column elementor-element elementor-element-caa9b36\" data-id=\"caa9b36\" data-element_type=\"column\" data-e-type=\"column\">\n\t\t\t<div class=\"elementor-widget-wrap elementor-element-populated\">\n\t\t\t\t\t\t<div class=\"elementor-element elementor-element-75c8ae0 elementor-widget elementor-widget-text-editor\" data-id=\"75c8ae0\" data-element_type=\"widget\" data-e-type=\"widget\" data-widget_type=\"text-editor.default\">\n\t\t\t\t<div class=\"elementor-widget-container\">\n\t\t\t\t\t\t\t\t\t<p>Alinea tambi\u00e9n es un espacio dedicado a la educaci\u00f3n y formaci\u00f3n en las artes curativas.<\/p>\t\t\t\t\t\t\t\t<\/div>\n\t\t\t\t<\/div>\n\t\t\t\t\t<\/div>\n\t\t<\/div>\n\t\t\t\t\t<\/div>\n\t\t<\/section>\n\t\t\t\t<section class=\"elementor-section elementor-top-section elementor-element elementor-element-b0c4832 elementor-section-height-min-height elementor-section-full_width elementor-section-height-default elementor-section-items-middle\" data-id=\"b0c4832\" data-element_type=\"section\" data-e-type=\"section\" data-settings=\"{&quot;background_background&quot;:&quot;classic&quot;}\">\n\t\t\t\t\t\t<div class=\"elementor-container elementor-column-gap-default\">\n\t\t\t\t\t<div class=\"elementor-column elementor-col-50 elementor-top-column elementor-element elementor-element-ad19124\" data-id=\"ad19124\" data-element_type=\"column\" data-e-type=\"column\">\n\t\t\t<div class=\"elementor-widget-wrap elementor-element-populated\">\n\t\t\t\t\t\t<div class=\"elementor-element elementor-element-c4a36fb elementor-widget elementor-widget-heading\" data-id=\"c4a36fb\" data-element_type=\"widget\" data-e-type=\"widget\" data-widget_type=\"heading.default\">\n\t\t\t\t<div class=\"elementor-widget-container\">\n\t\t\t\t\t<h6 class=\"elementor-heading-title elementor-size-default\">CURSO<\/h6>\t\t\t\t<\/div>\n\t\t\t\t<\/div>\n\t\t\t\t<div class=\"elementor-element elementor-element-c4f1a55 elementor-widget__width-initial elementor-widget elementor-widget-heading\" data-id=\"c4f1a55\" data-element_type=\"widget\" data-e-type=\"widget\" data-widget_type=\"heading.default\">\n\t\t\t\t<div class=\"elementor-widget-container\">\n\t\t\t\t\t<h1 class=\"elementor-heading-title elementor-size-default\">Miofascial <\/h1>\t\t\t\t<\/div>\n\t\t\t\t<\/div>\n\t\t\t\t<div class=\"elementor-element elementor-element-c946faf elementor-widget elementor-widget-heading\" data-id=\"c946faf\" data-element_type=\"widget\" data-e-type=\"widget\" data-widget_type=\"heading.default\">\n\t\t\t\t<div class=\"elementor-widget-container\">\n\t\t\t\t\t<h2 class=\"elementor-heading-title elementor-size-default\"><h1 data-elementor-setting-key=\"title\" data-pen-placeholder=\"Teclea aqu\u00ed...\" style=\", sans-serif;font-weight: 100;line-height: 52px\">Cadenas<\/h1><\/h2>\t\t\t\t<\/div>\n\t\t\t\t<\/div>\n\t\t\t\t<div class=\"elementor-element elementor-element-029c1e0 elementor-widget elementor-widget-text-editor\" data-id=\"029c1e0\" data-element_type=\"widget\" data-e-type=\"widget\" data-widget_type=\"text-editor.default\">\n\t\t\t\t<div class=\"elementor-widget-container\">\n\t\t\t\t\t\t\t\t\t<p class=\"cvGsUA direction-ltr align-justify para-style-body\"><span class=\"OYPEnA text-decoration-none text-strikethrough-none\"><span style=\"vertical-align: inherit;\"><span style=\"vertical-align: inherit;\"><span style=\"vertical-align: inherit;\"><span style=\"vertical-align: inherit;\"><span style=\"vertical-align: inherit;\"><span style=\"vertical-align: inherit;\"><span style=\"vertical-align: inherit;\"><span style=\"vertical-align: inherit;\"><span style=\"vertical-align: inherit;\"><span style=\"vertical-align: inherit;\">Impartido por: <\/span><\/span><\/span><\/span><\/span><\/span><\/span><\/span><\/span><\/span><\/span><span class=\"OYPEnA text-decoration-none text-strikethrough-none\"><span style=\"vertical-align: inherit;\"><span style=\"vertical-align: inherit;\"><span style=\"vertical-align: inherit;\"><span style=\"vertical-align: inherit;\"><span style=\"vertical-align: inherit;\"><span style=\"vertical-align: inherit;\"><span style=\"vertical-align: inherit;\"><span style=\"vertical-align: inherit;\"><span style=\"vertical-align: inherit;\"><span style=\"vertical-align: inherit;\">Silvana Marveggio<\/span><\/span><\/span><\/span><\/span><\/span><\/span><\/span><\/span><\/span><\/span><\/p>\t\t\t\t\t\t\t\t<\/div>\n\t\t\t\t<\/div>\n\t\t\t\t<div class=\"elementor-element elementor-element-6212794 elementor-widget elementor-widget-text-editor\" data-id=\"6212794\" data-element_type=\"widget\" data-e-type=\"widget\" data-widget_type=\"text-editor.default\">\n\t\t\t\t<div class=\"elementor-widget-container\">\n\t\t\t\t\t\t\t\t\t<p>Lic. Fisioterapeuta \/ Profesora de Anatom\u00eda \/ Profesora de Yoga y Fundadora de Alinea<\/p>\t\t\t\t\t\t\t\t<\/div>\n\t\t\t\t<\/div>\n\t\t\t\t<div class=\"elementor-element elementor-element-ced0a95 elementor-widget elementor-widget-text-editor\" data-id=\"ced0a95\" data-element_type=\"widget\" data-e-type=\"widget\" data-widget_type=\"text-editor.default\">\n\t\t\t\t<div class=\"elementor-widget-container\">\n\t\t\t\t\t\t\t\t\t<p><span style=\"font-size: 20px; font-weight: 900;\">\u00a0<\/span><span style=\"color: var( --e-global-color-text ); font-size: 20px; font-weight: 900; background-color: var( --e-global-color-165d69d );\"><span style=\"vertical-align: inherit;\"><span style=\"vertical-align: inherit;\"><span style=\"vertical-align: inherit;\"><span style=\"vertical-align: inherit;\"><span style=\"vertical-align: inherit;\"><span style=\"vertical-align: inherit;\">Resumen del curso\u00a0<\/span><\/span><\/span><\/span><\/span><\/span><\/span><\/p>\t\t\t\t\t\t\t\t<\/div>\n\t\t\t\t<\/div>\n\t\t\t\t<div class=\"elementor-element elementor-element-7b025da elementor-widget elementor-widget-text-editor\" data-id=\"7b025da\" data-element_type=\"widget\" data-e-type=\"widget\" data-widget_type=\"text-editor.default\">\n\t\t\t\t<div class=\"elementor-widget-container\">\n\t\t\t\t\t\t\t\t\t<p class=\"translation-block\">Durante este curso integral de dos m\u00f3dulos,\nexploraremos a profundidad la interconexi\u00f3n entre\nm\u00fasculos y fascias, para lograr un mejor\nentendimiento del cuerpo. Dedicado a\nprofesores de yoga, entrenadores f\u00edsicos,\ntrabajadores corporales y al p\u00fablico en\ngeneral, esta formaci\u00f3n proporciona una base\ns\u00f3lida en anatom\u00eda miofascial y su aplicaci\u00f3n\npr\u00e1ctica al movimiento y la postura (m\u00f3dulo 1)\ny al entrenamiento en el arte del masaje\n(m\u00f3dulo 2).<\/p>\t\t\t\t\t\t\t\t<\/div>\n\t\t\t\t<\/div>\n\t\t\t\t<section class=\"elementor-section elementor-inner-section elementor-element elementor-element-2ba6813 elementor-section-height-min-height elementor-section-content-middle elementor-section-boxed elementor-section-height-default\" data-id=\"2ba6813\" data-element_type=\"section\" data-e-type=\"section\">\n\t\t\t\t\t\t<div class=\"elementor-container elementor-column-gap-default\">\n\t\t\t\t\t<div class=\"elementor-column elementor-col-50 elementor-inner-column elementor-element elementor-element-316922c\" data-id=\"316922c\" data-element_type=\"column\" data-e-type=\"column\">\n\t\t\t<div class=\"elementor-widget-wrap elementor-element-populated\">\n\t\t\t\t\t\t<div class=\"elementor-element elementor-element-7b4656c elementor-align-justify elementor-widget elementor-widget-button\" data-id=\"7b4656c\" data-element_type=\"widget\" data-e-type=\"widget\" data-widget_type=\"button.default\">\n\t\t\t\t<div class=\"elementor-widget-container\">\n\t\t\t\t\t\t\t\t\t<div class=\"elementor-button-wrapper\">\n\t\t\t\t\t<a class=\"elementor-button elementor-button-link elementor-size-sm\" href=\"https:\/\/alineasanpancho.com\/es\/curso-cadenas-miofasciales\/\" target=\"_blank\">\n\t\t\t\t\t\t<span class=\"elementor-button-content-wrapper\">\n\t\t\t\t\t\t\t\t\t<span class=\"elementor-button-text\">M\u00f3dulo I<\/span>\n\t\t\t\t\t<\/span>\n\t\t\t\t\t<\/a>\n\t\t\t\t<\/div>\n\t\t\t\t\t\t\t\t<\/div>\n\t\t\t\t<\/div>\n\t\t\t\t\t<\/div>\n\t\t<\/div>\n\t\t\t\t<div class=\"elementor-column elementor-col-50 elementor-inner-column elementor-element elementor-element-b30937f\" data-id=\"b30937f\" data-element_type=\"column\" data-e-type=\"column\">\n\t\t\t<div class=\"elementor-widget-wrap elementor-element-populated\">\n\t\t\t\t\t\t<div class=\"elementor-element elementor-element-3fb1f3e elementor-align-justify elementor-widget elementor-widget-button\" data-id=\"3fb1f3e\" data-element_type=\"widget\" data-e-type=\"widget\" data-widget_type=\"button.default\">\n\t\t\t\t<div class=\"elementor-widget-container\">\n\t\t\t\t\t\t\t\t\t<div class=\"elementor-button-wrapper\">\n\t\t\t\t\t<a class=\"elementor-button elementor-button-link elementor-size-sm\" href=\"https:\/\/alineasanpancho.com\/es\/masaje-de-cadenas-miofasciales\/\" target=\"_blank\">\n\t\t\t\t\t\t<span class=\"elementor-button-content-wrapper\">\n\t\t\t\t\t\t\t\t\t<span class=\"elementor-button-text\">M\u00f3dulo II<\/span>\n\t\t\t\t\t<\/span>\n\t\t\t\t\t<\/a>\n\t\t\t\t<\/div>\n\t\t\t\t\t\t\t\t<\/div>\n\t\t\t\t<\/div>\n\t\t\t\t\t<\/div>\n\t\t<\/div>\n\t\t\t\t\t<\/div>\n\t\t<\/section>\n\t\t\t\t\t<\/div>\n\t\t<\/div>\n\t\t\t\t<div class=\"elementor-column elementor-col-50 elementor-top-column elementor-element elementor-element-41e9ff9\" data-id=\"41e9ff9\" data-element_type=\"column\" data-e-type=\"column\">\n\t\t\t<div class=\"elementor-widget-wrap elementor-element-populated\">\n\t\t\t\t\t\t<div class=\"elementor-element elementor-element-845b95f elementor-widget elementor-widget-image\" data-id=\"845b95f\" data-element_type=\"widget\" data-e-type=\"widget\" data-widget_type=\"image.default\">\n\t\t\t\t<div class=\"elementor-widget-container\">\n\t\t\t\t\t\t\t\t\t\t\t\t\t\t\t<img fetchpriority=\"high\" decoding=\"async\" width=\"800\" height=\"737\" src=\"https:\/\/alineasanpancho.com\/wp-content\/uploads\/2024\/05\/BRAND-SILVANA-05-1024x943.png\" class=\"attachment-large size-large wp-image-440\" alt=\"\" srcset=\"https:\/\/alineasanpancho.com\/wp-content\/uploads\/2024\/05\/BRAND-SILVANA-05-1024x943.png 1024w, https:\/\/alineasanpancho.com\/wp-content\/uploads\/2024\/05\/BRAND-SILVANA-05-300x276.png 300w, https:\/\/alineasanpancho.com\/wp-content\/uploads\/2024\/05\/BRAND-SILVANA-05-768x707.png 768w, https:\/\/alineasanpancho.com\/wp-content\/uploads\/2024\/05\/BRAND-SILVANA-05-13x12.png 13w, https:\/\/alineasanpancho.com\/wp-content\/uploads\/2024\/05\/BRAND-SILVANA-05.png 1487w\" sizes=\"(max-width: 800px) 100vw, 800px\" \/>\t\t\t\t\t\t\t\t\t\t\t\t\t\t\t<\/div>\n\t\t\t\t<\/div>\n\t\t\t\t<div class=\"elementor-element elementor-element-b38844e elementor-hidden-desktop elementor-hidden-tablet elementor-widget elementor-widget-image\" data-id=\"b38844e\" data-element_type=\"widget\" data-e-type=\"widget\" data-widget_type=\"image.default\">\n\t\t\t\t<div class=\"elementor-widget-container\">\n\t\t\t\t\t\t\t\t\t\t\t\t\t\t\t<img decoding=\"async\" width=\"800\" height=\"534\" src=\"https:\/\/alineasanpancho.com\/wp-content\/uploads\/2024\/05\/f7df87d8-274a-41a4-88fc-eddccd318de8-1024x683.png\" class=\"attachment-large size-large wp-image-712\" alt=\"\" srcset=\"https:\/\/alineasanpancho.com\/wp-content\/uploads\/2024\/05\/f7df87d8-274a-41a4-88fc-eddccd318de8-1024x683.png 1024w, https:\/\/alineasanpancho.com\/wp-content\/uploads\/2024\/05\/f7df87d8-274a-41a4-88fc-eddccd318de8-300x200.png 300w, https:\/\/alineasanpancho.com\/wp-content\/uploads\/2024\/05\/f7df87d8-274a-41a4-88fc-eddccd318de8-768x512.png 768w, https:\/\/alineasanpancho.com\/wp-content\/uploads\/2024\/05\/f7df87d8-274a-41a4-88fc-eddccd318de8-1536x1024.png 1536w, https:\/\/alineasanpancho.com\/wp-content\/uploads\/2024\/05\/f7df87d8-274a-41a4-88fc-eddccd318de8-2048x1365.png 2048w, https:\/\/alineasanpancho.com\/wp-content\/uploads\/2024\/05\/f7df87d8-274a-41a4-88fc-eddccd318de8-18x12.png 18w\" sizes=\"(max-width: 800px) 100vw, 800px\" \/>\t\t\t\t\t\t\t\t\t\t\t\t\t\t\t<\/div>\n\t\t\t\t<\/div>\n\t\t\t\t\t<\/div>\n\t\t<\/div>\n\t\t\t\t\t<\/div>\n\t\t<\/section>\n\t\t\t\t<section class=\"elementor-section elementor-top-section elementor-element elementor-element-c029eb7 elementor-section-boxed elementor-section-height-default elementor-section-height-default\" data-id=\"c029eb7\" data-element_type=\"section\" data-e-type=\"section\">\n\t\t\t\t\t\t<div class=\"elementor-container elementor-column-gap-default\">\n\t\t\t\t\t<div class=\"elementor-column elementor-col-100 elementor-top-column elementor-element elementor-element-3aee8dd\" data-id=\"3aee8dd\" data-element_type=\"column\" data-e-type=\"column\">\n\t\t\t<div class=\"elementor-widget-wrap elementor-element-populated\">\n\t\t\t\t\t\t<div class=\"elementor-element elementor-element-f7c6f6d elementor-widget-divider--view-line elementor-widget elementor-widget-divider\" data-id=\"f7c6f6d\" data-element_type=\"widget\" data-e-type=\"widget\" data-widget_type=\"divider.default\">\n\t\t\t\t<div class=\"elementor-widget-container\">\n\t\t\t\t\t\t\t<div class=\"elementor-divider\">\n\t\t\t<span class=\"elementor-divider-separator\">\n\t\t\t\t\t\t<\/span>\n\t\t<\/div>\n\t\t\t\t\t\t<\/div>\n\t\t\t\t<\/div>\n\t\t\t\t\t<\/div>\n\t\t<\/div>\n\t\t\t\t\t<\/div>\n\t\t<\/section>\n\t\t\t\t<\/div>","protected":false},"excerpt":{"rendered":"<p>Alinea is dedicated to being a platform and a gathering space for education and enrichment in the healing arts. COURSE Myofascial Chains Taught by: Silvana Marveggio Lisc. Physiotherapist \/ Professor of Anatomy \/ Yoga Teacher and Founder of Alinea \u00a0Course Overview\u00a0 Explore the interconnectedness of muscles and fascia during this comprehensive two-part course. Ideal for [&hellip;]<\/p>\n","protected":false},"author":2,"featured_media":0,"parent":0,"menu_order":0,"comment_status":"closed","ping_status":"closed","template":"","meta":{"footnotes":""},"class_list":["post-29","page","type-page","status-publish","hentry"],"jetpack_sharing_enabled":true,"_links":{"self":[{"href":"https:\/\/alineasanpancho.com\/es\/wp-json\/wp\/v2\/pages\/29","targetHints":{"allow":["GET"]}}],"collection":[{"href":"https:\/\/alineasanpancho.com\/es\/wp-json\/wp\/v2\/pages"}],"about":[{"href":"https:\/\/alineasanpancho.com\/es\/wp-json\/wp\/v2\/types\/page"}],"author":[{"embeddable":true,"href":"https:\/\/alineasanpancho.com\/es\/wp-json\/wp\/v2\/users\/2"}],"replies":[{"embeddable":true,"href":"https:\/\/alineasanpancho.com\/es\/wp-json\/wp\/v2\/comments?post=29"}],"version-history":[{"count":74,"href":"https:\/\/alineasanpancho.com\/es\/wp-json\/wp\/v2\/pages\/29\/revisions"}],"predecessor-version":[{"id":1973,"href":"https:\/\/alineasanpancho.com\/es\/wp-json\/wp\/v2\/pages\/29\/revisions\/1973"}],"wp:attachment":[{"href":"https:\/\/alineasanpancho.com\/es\/wp-json\/wp\/v2\/media?parent=29"}],"curies":[{"name":"wp","href":"https:\/\/api.w.org\/{rel}","templated":true}]}}